{"id":1274,"date":"2020-11-16T14:29:54","date_gmt":"2020-11-16T13:29:54","guid":{"rendered":"https:\/\/minecraft-tutos.com\/?page_id=1274"},"modified":"2020-11-16T14:29:56","modified_gmt":"2020-11-16T13:29:56","slug":"sobre-nosotros","status":"publish","type":"page","link":"https:\/\/minecraft-tutos.com\/es\/sobre-nosotros\/","title":{"rendered":"Sobre nosotros"},"content":{"rendered":"\n<div class=\"wp-block-image\"><figure class=\"alignright size-large is-resized\"><img loading=\"lazy\" decoding=\"async\" src=\"https:\/\/minecraft-tutos.com\/wp-content\/uploads\/2020\/09\/minnecraft-tutorial.png\" alt=\"logo minecraft-tutos.com\" class=\"wp-image-1267\" width=\"138\" height=\"155\" title=\"\"><figcaption>El logo de minecraft-tutos.com<\/figcaption><\/figure><\/div>\n\n\n\n<p>Minecraft-Tutos.com es un sitio cuyo objetivo es responder a las preguntas de los jugadores de Minecraft y compartir recursos sobre el juego.<\/p>\n\n\n\n<p>El sitio ofrece tutoriales y respuestas r\u00e1pidas a los problemas que se encuentran con frecuencia en el juego.<\/p>\n\n\n\n<h2 class=\"wp-block-heading\">La historia<\/h2>\n\n\n\n<p>El sitio minecraft-tutos.com fue creado en el verano de 2020. Por el momento, todos los art\u00edculos han sido escritos por Cl\u00e9ment (que es tambi\u00e9n y administrador de <a aria-label=\"minecraft.fr (opens in a new tab)\" href=\"https:\/\/minecraft.fr\/\" target=\"_blank\" rel=\"noreferrer noopener\" class=\"rank-math-link\">minecraft.fr<\/a>) y Siriane.<\/p>\n\n\n\n<p>Yo (Cl\u00e9ment) tengo una gran experiencia en Minecraft, ya sea como jugador (m\u00e1s de 11 a\u00f1os de juego) y como administrador de un sitio web relacionado con Minecraft.<\/p>\n\n\n\n<p>As\u00ed que conozco las preguntas m\u00e1s frecuentes y sobre todo las respuestas que son dif\u00edciles de encontrar en Internet. Por lo tanto, decid\u00ed compartir mis conocimientos mediante la creaci\u00f3n de este sitio.<\/p>\n\n\n<div class=\"kk-star-ratings kksr-auto kksr-align-center kksr-valign-bottom\"\n    data-payload='{&quot;align&quot;:&quot;center&quot;,&quot;id&quot;:&quot;1274&quot;,&quot;slug&quot;:&quot;default&quot;,&quot;valign&quot;:&quot;bottom&quot;,&quot;ignore&quot;:&quot;&quot;,&quot;reference&quot;:&quot;auto&quot;,&quot;class&quot;:&quot;&quot;,&quot;count&quot;:&quot;8&quot;,&quot;legendonly&quot;:&quot;&quot;,&quot;readonly&quot;:&quot;&quot;,&quot;score&quot;:&quot;4.1&quot;,&quot;starsonly&quot;:&quot;&quot;,&quot;best&quot;:&quot;5&quot;,&quot;gap&quot;:&quot;4&quot;,&quot;greet&quot;:&quot;Rate this page&quot;,&quot;legend&quot;:&quot;4.1 \\\/ 5 - (8 votos)&quot;,&quot;size&quot;:&quot;20&quot;,&quot;title&quot;:&quot;Sobre nosotros&quot;,&quot;width&quot;:&quot;96.4&quot;,&quot;_legend&quot;:&quot;{score} \\\/ {best} - ({count} {votes})&quot;,&quot;font_factor&quot;:&quot;1.25&quot;}'>\n            \n<div class=\"kksr-stars\">\n    \n<div class=\"kksr-stars-inactive\">\n            <div class=\"kksr-star\" data-star=\"1\" style=\"padding-right: 4px\">\n            \n\n<div class=\"kksr-icon\" style=\"width: 20px; height: 20px;\"><\/div>\n        <\/div>\n            <div class=\"kksr-star\" data-star=\"2\" style=\"padding-right: 4px\">\n            \n\n<div class=\"kksr-icon\" style=\"width: 20px; height: 20px;\"><\/div>\n        <\/div>\n            <div class=\"kksr-star\" data-star=\"3\" style=\"padding-right: 4px\">\n            \n\n<div class=\"kksr-icon\" style=\"width: 20px; height: 20px;\"><\/div>\n        <\/div>\n            <div class=\"kksr-star\" data-star=\"4\" style=\"padding-right: 4px\">\n            \n\n<div class=\"kksr-icon\" style=\"width: 20px; height: 20px;\"><\/div>\n        <\/div>\n            <div class=\"kksr-star\" data-star=\"5\" style=\"padding-right: 4px\">\n            \n\n<div class=\"kksr-icon\" style=\"width: 20px; height: 20px;\"><\/div>\n        <\/div>\n    <\/div>\n    \n<div class=\"kksr-stars-active\" style=\"width: 96.4px;\">\n            <div class=\"kksr-star\" style=\"padding-right: 4px\">\n            \n\n<div class=\"kksr-icon\" style=\"width: 20px; height: 20px;\"><\/div>\n        <\/div>\n            <div class=\"kksr-star\" style=\"padding-right: 4px\">\n            \n\n<div class=\"kksr-icon\" style=\"width: 20px; height: 20px;\"><\/div>\n        <\/div>\n            <div class=\"kksr-star\" style=\"padding-right: 4px\">\n            \n\n<div class=\"kksr-icon\" style=\"width: 20px; height: 20px;\"><\/div>\n        <\/div>\n            <div class=\"kksr-star\" style=\"padding-right: 4px\">\n            \n\n<div class=\"kksr-icon\" style=\"width: 20px; height: 20px;\"><\/div>\n        <\/div>\n            <div class=\"kksr-star\" style=\"padding-right: 4px\">\n            \n\n<div class=\"kksr-icon\" style=\"width: 20px; height: 20px;\"><\/div>\n        <\/div>\n    <\/div>\n<\/div>\n                \n\n<div class=\"kksr-legend\" style=\"font-size: 16px;\">\n            4.1 \/ 5 - (8 votos)    <\/div>\n    <\/div>\n","protected":false},"excerpt":{"rendered":"<p>Minecraft-Tutos.com es un sitio cuyo objetivo es responder a las preguntas de los jugadores de Minecraft y compartir recursos sobre<\/p>\n","protected":false},"author":1,"featured_media":0,"parent":0,"menu_order":0,"comment_status":"closed","ping_status":"closed","template":"","meta":{"pgc_sgb_lightbox_settings":"","footnotes":""},"class_list":["post-1274","page","type-page","status-publish"],"_links":{"self":[{"href":"https:\/\/minecraft-tutos.com\/es\/wp-json\/wp\/v2\/pages\/1274","targetHints":{"allow":["GET"]}}],"collection":[{"href":"https:\/\/minecraft-tutos.com\/es\/wp-json\/wp\/v2\/pages"}],"about":[{"href":"https:\/\/minecraft-tutos.com\/es\/wp-json\/wp\/v2\/types\/page"}],"author":[{"embeddable":true,"href":"https:\/\/minecraft-tutos.com\/es\/wp-json\/wp\/v2\/users\/1"}],"replies":[{"embeddable":true,"href":"https:\/\/minecraft-tutos.com\/es\/wp-json\/wp\/v2\/comments?post=1274"}],"version-history":[{"count":1,"href":"https:\/\/minecraft-tutos.com\/es\/wp-json\/wp\/v2\/pages\/1274\/revisions"}],"predecessor-version":[{"id":1275,"href":"https:\/\/minecraft-tutos.com\/es\/wp-json\/wp\/v2\/pages\/1274\/revisions\/1275"}],"wp:attachment":[{"href":"https:\/\/minecraft-tutos.com\/es\/wp-json\/wp\/v2\/media?parent=1274"}],"curies":[{"name":"wp","href":"https:\/\/api.w.org\/{rel}","templated":true}]}}