{"id":5582,"date":"2021-09-29T16:11:32","date_gmt":"2021-09-29T14:11:32","guid":{"rendered":"https:\/\/minecraft-tutos.com\/?page_id=5582"},"modified":"2021-09-29T16:11:33","modified_gmt":"2021-09-29T14:11:33","slug":"chi-siamo","status":"publish","type":"page","link":"https:\/\/minecraft-tutos.com\/it\/chi-siamo\/","title":{"rendered":"Chi siamo"},"content":{"rendered":"\n<div class=\"wp-block-image\"><figure class=\"alignright size-large is-resized\"><img loading=\"lazy\" decoding=\"async\" src=\"https:\/\/minecraft-tutos.com\/wp-content\/uploads\/2020\/09\/minnecraft-tutorial.png\" alt=\"logo minecraft-tutos.com\" class=\"wp-image-29\" width=\"144\" height=\"162\" title=\"\"><figcaption>Il logo di minecraft-tutos.com<\/figcaption><\/figure><\/div>\n\n\n\n<p>Minecraft-Tutos.com \u00e8 un sito il cui obiettivo \u00e8 rispondere alle domande dei giocatori di Minecraft e condividere risorse sul gioco.<\/p>\n\n\n\n<p>Il sito offre tutorial e risposte rapide ai problemi che si incontrano frequentemente nel gioco.<\/p>\n\n\n\n<h2 class=\"wp-block-heading\">La storia<\/h2>\n\n\n\n<p>Il sito minecraft-tutos.com \u00e8 stato creato nell&#8217;estate del 2020. Per il momento, tutti gli articoli sono stati scritti da Cl\u00e9ment (che \u00e8 anche amministratore su minecraft.fr) e Siriane.<\/p>\n\n\n\n<p>Io (Cl\u00e9ment) ho una grande esperienza di Minecraft, sia come giocatore (pi\u00f9 di 11 anni di gioco) che come gestione di siti web legati a Minecraft.<\/p>\n\n\n\n<p>Quindi conosco le domande frequenti e soprattutto le risposte che sono difficili da trovare su Internet. Ho quindi deciso di condividere le mie conoscenze creando questo sito.<\/p>\n\n\n<div class=\"kk-star-ratings kksr-auto kksr-align-center kksr-valign-bottom\"\n    data-payload='{&quot;align&quot;:&quot;center&quot;,&quot;id&quot;:&quot;5582&quot;,&quot;slug&quot;:&quot;default&quot;,&quot;valign&quot;:&quot;bottom&quot;,&quot;ignore&quot;:&quot;&quot;,&quot;reference&quot;:&quot;auto&quot;,&quot;class&quot;:&quot;&quot;,&quot;count&quot;:&quot;2&quot;,&quot;legendonly&quot;:&quot;&quot;,&quot;readonly&quot;:&quot;&quot;,&quot;score&quot;:&quot;3&quot;,&quot;starsonly&quot;:&quot;&quot;,&quot;best&quot;:&quot;5&quot;,&quot;gap&quot;:&quot;4&quot;,&quot;greet&quot;:&quot;Rate this page&quot;,&quot;legend&quot;:&quot;3 \\\/ 5 - (2 votes)&quot;,&quot;size&quot;:&quot;20&quot;,&quot;title&quot;:&quot;Chi siamo&quot;,&quot;width&quot;:&quot;70&quot;,&quot;_legend&quot;:&quot;{score} \\\/ {best} - ({count} {votes})&quot;,&quot;font_factor&quot;:&quot;1.25&quot;}'>\n            \n<div class=\"kksr-stars\">\n    \n<div class=\"kksr-stars-inactive\">\n            <div class=\"kksr-star\" data-star=\"1\" style=\"padding-right: 4px\">\n            \n\n<div class=\"kksr-icon\" style=\"width: 20px; height: 20px;\"><\/div>\n        <\/div>\n            <div class=\"kksr-star\" data-star=\"2\" style=\"padding-right: 4px\">\n            \n\n<div class=\"kksr-icon\" style=\"width: 20px; height: 20px;\"><\/div>\n        <\/div>\n            <div class=\"kksr-star\" data-star=\"3\" style=\"padding-right: 4px\">\n            \n\n<div class=\"kksr-icon\" style=\"width: 20px; height: 20px;\"><\/div>\n        <\/div>\n            <div class=\"kksr-star\" data-star=\"4\" style=\"padding-right: 4px\">\n            \n\n<div class=\"kksr-icon\" style=\"width: 20px; height: 20px;\"><\/div>\n        <\/div>\n            <div class=\"kksr-star\" data-star=\"5\" style=\"padding-right: 4px\">\n            \n\n<div class=\"kksr-icon\" style=\"width: 20px; height: 20px;\"><\/div>\n        <\/div>\n    <\/div>\n    \n<div class=\"kksr-stars-active\" style=\"width: 70px;\">\n            <div class=\"kksr-star\" style=\"padding-right: 4px\">\n            \n\n<div class=\"kksr-icon\" style=\"width: 20px; height: 20px;\"><\/div>\n        <\/div>\n            <div class=\"kksr-star\" style=\"padding-right: 4px\">\n            \n\n<div class=\"kksr-icon\" style=\"width: 20px; height: 20px;\"><\/div>\n        <\/div>\n            <div class=\"kksr-star\" style=\"padding-right: 4px\">\n            \n\n<div class=\"kksr-icon\" style=\"width: 20px; height: 20px;\"><\/div>\n        <\/div>\n            <div class=\"kksr-star\" style=\"padding-right: 4px\">\n            \n\n<div class=\"kksr-icon\" style=\"width: 20px; height: 20px;\"><\/div>\n        <\/div>\n            <div class=\"kksr-star\" style=\"padding-right: 4px\">\n            \n\n<div class=\"kksr-icon\" style=\"width: 20px; height: 20px;\"><\/div>\n        <\/div>\n    <\/div>\n<\/div>\n                \n\n<div class=\"kksr-legend\" style=\"font-size: 16px;\">\n            3 \/ 5 - (2 votes)    <\/div>\n    <\/div>\n","protected":false},"excerpt":{"rendered":"<p>Minecraft-Tutos.com \u00e8 un sito il cui obiettivo \u00e8 rispondere alle domande dei giocatori di Minecraft e condividere risorse sul gioco.<\/p>\n","protected":false},"author":1,"featured_media":0,"parent":0,"menu_order":0,"comment_status":"closed","ping_status":"closed","template":"","meta":{"pgc_sgb_lightbox_settings":"","footnotes":""},"class_list":["post-5582","page","type-page","status-publish"],"_links":{"self":[{"href":"https:\/\/minecraft-tutos.com\/it\/wp-json\/wp\/v2\/pages\/5582","targetHints":{"allow":["GET"]}}],"collection":[{"href":"https:\/\/minecraft-tutos.com\/it\/wp-json\/wp\/v2\/pages"}],"about":[{"href":"https:\/\/minecraft-tutos.com\/it\/wp-json\/wp\/v2\/types\/page"}],"author":[{"embeddable":true,"href":"https:\/\/minecraft-tutos.com\/it\/wp-json\/wp\/v2\/users\/1"}],"replies":[{"embeddable":true,"href":"https:\/\/minecraft-tutos.com\/it\/wp-json\/wp\/v2\/comments?post=5582"}],"version-history":[{"count":1,"href":"https:\/\/minecraft-tutos.com\/it\/wp-json\/wp\/v2\/pages\/5582\/revisions"}],"predecessor-version":[{"id":5583,"href":"https:\/\/minecraft-tutos.com\/it\/wp-json\/wp\/v2\/pages\/5582\/revisions\/5583"}],"wp:attachment":[{"href":"https:\/\/minecraft-tutos.com\/it\/wp-json\/wp\/v2\/media?parent=5582"}],"curies":[{"name":"wp","href":"https:\/\/api.w.org\/{rel}","templated":true}]}}