{"id":1272,"date":"2020-11-16T14:28:55","date_gmt":"2020-11-16T13:28:55","guid":{"rendered":"https:\/\/minecraft-tutos.com\/?page_id=1272"},"modified":"2020-11-17T10:58:33","modified_gmt":"2020-11-17T09:58:33","slug":"sobre-nos","status":"publish","type":"page","link":"https:\/\/minecraft-tutos.com\/pt-br\/sobre-nos\/","title":{"rendered":"Sobre n\u00f3s"},"content":{"rendered":"\n<div class=\"wp-block-image\"><figure class=\"alignright size-large is-resized\"><img loading=\"lazy\" decoding=\"async\" src=\"https:\/\/minecraft-tutos.com\/wp-content\/uploads\/2020\/09\/minnecraft-tutorial.png\" alt=\"logo minecraft-tutos.com\" class=\"wp-image-1267\" width=\"138\" height=\"155\" title=\"\"><figcaption>O logotipo da minecraft-tutos.com<\/figcaption><\/figure><\/div>\n\n\n\n<p>Minecraft-Tutos.com \u00e9 um site cujo objetivo \u00e9 responder \u00e0s perguntas dos jogadores da Minecraft e compartilhar recursos sobre o jogo.<\/p>\n\n\n\n<p>O site oferece tutoriais e respostas r\u00e1pidas aos problemas freq\u00fcentemente encontrados no jogo.<\/p>\n\n\n\n<h2 class=\"wp-block-heading\">A hist\u00f3ria<\/h2>\n\n\n\n<p>O site minecraft-tutos.com foi criado no ver\u00e3o de 2020. Por enquanto, todos os artigos foram escritos por Cl\u00e9ment (que tamb\u00e9m \u00e9 administrador do site minecraft.fr) e Siriane.<\/p>\n\n\n\n<p>Eu (Cl\u00e9ment) tenho uma grande experi\u00eancia de Minecraft, seja como jogador (mais de 11 anos de jogo) e como administrador de um site relacionado a minecraft.<\/p>\n\n\n\n<p>Portanto, conhe\u00e7o as perguntas mais freq\u00fcentes e especialmente as respostas que s\u00e3o dif\u00edceis de encontrar na Internet. Portanto, decidi compartilhar meu conhecimento criando este site.<\/p>\n\n\n<div class=\"kk-star-ratings kksr-auto kksr-align-center kksr-valign-bottom\"\n    data-payload='{&quot;align&quot;:&quot;center&quot;,&quot;id&quot;:&quot;1272&quot;,&quot;slug&quot;:&quot;default&quot;,&quot;valign&quot;:&quot;bottom&quot;,&quot;ignore&quot;:&quot;&quot;,&quot;reference&quot;:&quot;auto&quot;,&quot;class&quot;:&quot;&quot;,&quot;count&quot;:&quot;5&quot;,&quot;legendonly&quot;:&quot;&quot;,&quot;readonly&quot;:&quot;&quot;,&quot;score&quot;:&quot;3.6&quot;,&quot;starsonly&quot;:&quot;&quot;,&quot;best&quot;:&quot;5&quot;,&quot;gap&quot;:&quot;4&quot;,&quot;greet&quot;:&quot;Rate this page&quot;,&quot;legend&quot;:&quot;3.6 \\\/ 5 - (5 votos)&quot;,&quot;size&quot;:&quot;20&quot;,&quot;title&quot;:&quot;Sobre n\u00f3s&quot;,&quot;width&quot;:&quot;84.4&quot;,&quot;_legend&quot;:&quot;{score} \\\/ {best} - ({count} {votes})&quot;,&quot;font_factor&quot;:&quot;1.25&quot;}'>\n            \n<div class=\"kksr-stars\">\n    \n<div class=\"kksr-stars-inactive\">\n            <div class=\"kksr-star\" data-star=\"1\" style=\"padding-right: 4px\">\n            \n\n<div class=\"kksr-icon\" style=\"width: 20px; height: 20px;\"><\/div>\n        <\/div>\n            <div class=\"kksr-star\" data-star=\"2\" style=\"padding-right: 4px\">\n            \n\n<div class=\"kksr-icon\" style=\"width: 20px; height: 20px;\"><\/div>\n        <\/div>\n            <div class=\"kksr-star\" data-star=\"3\" style=\"padding-right: 4px\">\n            \n\n<div class=\"kksr-icon\" style=\"width: 20px; height: 20px;\"><\/div>\n        <\/div>\n            <div class=\"kksr-star\" data-star=\"4\" style=\"padding-right: 4px\">\n            \n\n<div class=\"kksr-icon\" style=\"width: 20px; height: 20px;\"><\/div>\n        <\/div>\n            <div class=\"kksr-star\" data-star=\"5\" style=\"padding-right: 4px\">\n            \n\n<div class=\"kksr-icon\" style=\"width: 20px; height: 20px;\"><\/div>\n        <\/div>\n    <\/div>\n    \n<div class=\"kksr-stars-active\" style=\"width: 84.4px;\">\n            <div class=\"kksr-star\" style=\"padding-right: 4px\">\n            \n\n<div class=\"kksr-icon\" style=\"width: 20px; height: 20px;\"><\/div>\n        <\/div>\n            <div class=\"kksr-star\" style=\"padding-right: 4px\">\n            \n\n<div class=\"kksr-icon\" style=\"width: 20px; height: 20px;\"><\/div>\n        <\/div>\n            <div class=\"kksr-star\" style=\"padding-right: 4px\">\n            \n\n<div class=\"kksr-icon\" style=\"width: 20px; height: 20px;\"><\/div>\n        <\/div>\n            <div class=\"kksr-star\" style=\"padding-right: 4px\">\n            \n\n<div class=\"kksr-icon\" style=\"width: 20px; height: 20px;\"><\/div>\n        <\/div>\n            <div class=\"kksr-star\" style=\"padding-right: 4px\">\n            \n\n<div class=\"kksr-icon\" style=\"width: 20px; height: 20px;\"><\/div>\n        <\/div>\n    <\/div>\n<\/div>\n                \n\n<div class=\"kksr-legend\" style=\"font-size: 16px;\">\n            3.6 \/ 5 - (5 votos)    <\/div>\n    <\/div>\n","protected":false},"excerpt":{"rendered":"<p>Minecraft-Tutos.com \u00e9 um site cujo objetivo \u00e9 responder \u00e0s perguntas dos jogadores da Minecraft e compartilhar recursos sobre o jogo.<\/p>\n","protected":false},"author":1,"featured_media":0,"parent":0,"menu_order":0,"comment_status":"closed","ping_status":"closed","template":"","meta":{"pgc_sgb_lightbox_settings":"","footnotes":""},"class_list":["post-1272","page","type-page","status-publish"],"_links":{"self":[{"href":"https:\/\/minecraft-tutos.com\/pt-br\/wp-json\/wp\/v2\/pages\/1272","targetHints":{"allow":["GET"]}}],"collection":[{"href":"https:\/\/minecraft-tutos.com\/pt-br\/wp-json\/wp\/v2\/pages"}],"about":[{"href":"https:\/\/minecraft-tutos.com\/pt-br\/wp-json\/wp\/v2\/types\/page"}],"author":[{"embeddable":true,"href":"https:\/\/minecraft-tutos.com\/pt-br\/wp-json\/wp\/v2\/users\/1"}],"replies":[{"embeddable":true,"href":"https:\/\/minecraft-tutos.com\/pt-br\/wp-json\/wp\/v2\/comments?post=1272"}],"version-history":[{"count":2,"href":"https:\/\/minecraft-tutos.com\/pt-br\/wp-json\/wp\/v2\/pages\/1272\/revisions"}],"predecessor-version":[{"id":1319,"href":"https:\/\/minecraft-tutos.com\/pt-br\/wp-json\/wp\/v2\/pages\/1272\/revisions\/1319"}],"wp:attachment":[{"href":"https:\/\/minecraft-tutos.com\/pt-br\/wp-json\/wp\/v2\/media?parent=1272"}],"curies":[{"name":"wp","href":"https:\/\/api.w.org\/{rel}","templated":true}]}}